{"id":1683,"date":"2022-11-09T00:19:31","date_gmt":"2022-11-08T23:19:31","guid":{"rendered":"https:\/\/motto-ks.com\/?post_type=product&#038;p=1683"},"modified":"2022-11-10T09:17:58","modified_gmt":"2022-11-10T08:17:58","slug":"mprehese-adel-619","status":"publish","type":"product","link":"https:\/\/motto-ks.com\/index.php\/product\/mprehese-adel-619\/","title":{"rendered":"Mpreh\u00ebse ADEL 619"},"content":{"rendered":"<p>Nj\u00eb laps i mpreht\u00eb \u00ebsht\u00eb nj\u00eb laps i lumtur. \ud83e\udd70\u270f\ufe0f<\/p>\n","protected":false},"excerpt":{"rendered":"<p>Nj\u00eb laps i mpreht\u00eb \u00ebsht\u00eb nj\u00eb laps i lumtur. \ud83e\udd70\u270f\ufe0f<\/p>\n","protected":false},"featured_media":1681,"template":"","meta":{"jetpack_publicize_message":"","jetpack_is_tweetstorm":false,"jetpack_publicize_feature_enabled":true,"jetpack_social_options":[]},"product_cat":[76,83],"product_tag":[69],"class_list":["post-1683","product","type-product","status-publish","has-post-thumbnail","hentry","product_cat-materiale-shkollore","product_cat-mprehese","product_tag-mprehese"],"jetpack_publicize_connections":[],"_links":{"self":[{"href":"https:\/\/motto-ks.com\/index.php\/wp-json\/wp\/v2\/product\/1683","targetHints":{"allow":["GET"]}}],"collection":[{"href":"https:\/\/motto-ks.com\/index.php\/wp-json\/wp\/v2\/product"}],"about":[{"href":"https:\/\/motto-ks.com\/index.php\/wp-json\/wp\/v2\/types\/product"}],"wp:featuredmedia":[{"embeddable":true,"href":"https:\/\/motto-ks.com\/index.php\/wp-json\/wp\/v2\/media\/1681"}],"wp:attachment":[{"href":"https:\/\/motto-ks.com\/index.php\/wp-json\/wp\/v2\/media?parent=1683"}],"wp:term":[{"taxonomy":"product_cat","embeddable":true,"href":"https:\/\/motto-ks.com\/index.php\/wp-json\/wp\/v2\/product_cat?post=1683"},{"taxonomy":"product_tag","embeddable":true,"href":"https:\/\/motto-ks.com\/index.php\/wp-json\/wp\/v2\/product_tag?post=1683"}],"curies":[{"name":"wp","href":"https:\/\/api.w.org\/{rel}","templated":true}]}}