{"id":1685,"date":"2022-11-09T00:24:26","date_gmt":"2022-11-08T23:24:26","guid":{"rendered":"https:\/\/motto-ks.com\/?post_type=product&#038;p=1685"},"modified":"2022-11-10T09:17:09","modified_gmt":"2022-11-10T08:17:09","slug":"mprehese-adel-685","status":"publish","type":"product","link":"https:\/\/motto-ks.com\/index.php\/product\/mprehese-adel-685\/","title":{"rendered":"Mpreh\u00ebse Adel 685"},"content":{"rendered":"<p>Nj\u00eb laps i mpreht\u00eb \u00ebsht\u00eb nj\u00eb laps i lumtur. \ud83e\udd70\u270f\ufe0f<\/p>\n","protected":false},"excerpt":{"rendered":"<p>Nj\u00eb laps i mpreht\u00eb \u00ebsht\u00eb nj\u00eb laps i lumtur. \ud83e\udd70\u270f\ufe0f<\/p>\n","protected":false},"featured_media":1673,"template":"","meta":{"jetpack_publicize_message":"","jetpack_is_tweetstorm":false,"jetpack_publicize_feature_enabled":true,"jetpack_social_options":[]},"product_cat":[76,83],"product_tag":[],"class_list":["post-1685","product","type-product","status-publish","has-post-thumbnail","hentry","product_cat-materiale-shkollore","product_cat-mprehese"],"jetpack_publicize_connections":[],"_links":{"self":[{"href":"https:\/\/motto-ks.com\/index.php\/wp-json\/wp\/v2\/product\/1685","targetHints":{"allow":["GET"]}}],"collection":[{"href":"https:\/\/motto-ks.com\/index.php\/wp-json\/wp\/v2\/product"}],"about":[{"href":"https:\/\/motto-ks.com\/index.php\/wp-json\/wp\/v2\/types\/product"}],"wp:featuredmedia":[{"embeddable":true,"href":"https:\/\/motto-ks.com\/index.php\/wp-json\/wp\/v2\/media\/1673"}],"wp:attachment":[{"href":"https:\/\/motto-ks.com\/index.php\/wp-json\/wp\/v2\/media?parent=1685"}],"wp:term":[{"taxonomy":"product_cat","embeddable":true,"href":"https:\/\/motto-ks.com\/index.php\/wp-json\/wp\/v2\/product_cat?post=1685"},{"taxonomy":"product_tag","embeddable":true,"href":"https:\/\/motto-ks.com\/index.php\/wp-json\/wp\/v2\/product_tag?post=1685"}],"curies":[{"name":"wp","href":"https:\/\/api.w.org\/{rel}","templated":true}]}}