{"id":1686,"date":"2022-11-09T00:28:14","date_gmt":"2022-11-08T23:28:14","guid":{"rendered":"https:\/\/motto-ks.com\/?post_type=product&#038;p=1686"},"modified":"2022-11-10T09:18:23","modified_gmt":"2022-11-10T08:18:23","slug":"laps-adel-1197me-gome","status":"publish","type":"product","link":"https:\/\/motto-ks.com\/index.php\/product\/laps-adel-1197me-gome\/","title":{"rendered":"Laps Adel 1197(me gom\u00eb)"},"content":{"rendered":"<p>Shkruani nj\u00eb histori me k\u00ebta lapsa Ata jan\u00eb m\u00ebnyra e p\u00ebrsosur p\u00ebr t\u00eb ndar\u00eb krijimin tuaj me miqt\u00eb dhe familjen.<\/p>\n","protected":false},"excerpt":{"rendered":"<p>Shkruani nj\u00eb histori me k\u00ebta lapsa Ata jan\u00eb m\u00ebnyra e p\u00ebrsosur p\u00ebr t\u00eb ndar\u00eb krijimin tuaj me miqt\u00eb dhe familjen.<\/p>\n","protected":false},"featured_media":1682,"template":"","meta":{"jetpack_publicize_message":"","jetpack_is_tweetstorm":false,"jetpack_publicize_feature_enabled":true,"jetpack_social_options":[]},"product_cat":[76,79],"product_tag":[],"class_list":["post-1686","product","type-product","status-publish","has-post-thumbnail","hentry","product_cat-materiale-shkollore","product_cat-lapsa"],"jetpack_publicize_connections":[],"_links":{"self":[{"href":"https:\/\/motto-ks.com\/index.php\/wp-json\/wp\/v2\/product\/1686","targetHints":{"allow":["GET"]}}],"collection":[{"href":"https:\/\/motto-ks.com\/index.php\/wp-json\/wp\/v2\/product"}],"about":[{"href":"https:\/\/motto-ks.com\/index.php\/wp-json\/wp\/v2\/types\/product"}],"wp:featuredmedia":[{"embeddable":true,"href":"https:\/\/motto-ks.com\/index.php\/wp-json\/wp\/v2\/media\/1682"}],"wp:attachment":[{"href":"https:\/\/motto-ks.com\/index.php\/wp-json\/wp\/v2\/media?parent=1686"}],"wp:term":[{"taxonomy":"product_cat","embeddable":true,"href":"https:\/\/motto-ks.com\/index.php\/wp-json\/wp\/v2\/product_cat?post=1686"},{"taxonomy":"product_tag","embeddable":true,"href":"https:\/\/motto-ks.com\/index.php\/wp-json\/wp\/v2\/product_tag?post=1686"}],"curies":[{"name":"wp","href":"https:\/\/api.w.org\/{rel}","templated":true}]}}