{"id":1687,"date":"2022-11-09T00:30:27","date_gmt":"2022-11-08T23:30:27","guid":{"rendered":"https:\/\/motto-ks.com\/?post_type=product&#038;p=1687"},"modified":"2022-11-10T09:10:25","modified_gmt":"2022-11-10T08:10:25","slug":"laps-adel-1122","status":"publish","type":"product","link":"https:\/\/motto-ks.com\/index.php\/product\/laps-adel-1122\/","title":{"rendered":"Laps ADEL 1122"},"content":{"rendered":"<p>Lapsa p\u00ebr f\u00ebmij\u00eb. \ud83d\ude0d<\/p>\n","protected":false},"excerpt":{"rendered":"<p>Lapsa p\u00ebr f\u00ebmij\u00eb. \ud83d\ude0d<\/p>\n","protected":false},"featured_media":1676,"template":"","meta":{"jetpack_publicize_message":"","jetpack_is_tweetstorm":false,"jetpack_publicize_feature_enabled":true,"jetpack_social_options":[]},"product_cat":[76,79],"product_tag":[],"class_list":["post-1687","product","type-product","status-publish","has-post-thumbnail","hentry","product_cat-materiale-shkollore","product_cat-lapsa"],"jetpack_publicize_connections":[],"_links":{"self":[{"href":"https:\/\/motto-ks.com\/index.php\/wp-json\/wp\/v2\/product\/1687","targetHints":{"allow":["GET"]}}],"collection":[{"href":"https:\/\/motto-ks.com\/index.php\/wp-json\/wp\/v2\/product"}],"about":[{"href":"https:\/\/motto-ks.com\/index.php\/wp-json\/wp\/v2\/types\/product"}],"wp:featuredmedia":[{"embeddable":true,"href":"https:\/\/motto-ks.com\/index.php\/wp-json\/wp\/v2\/media\/1676"}],"wp:attachment":[{"href":"https:\/\/motto-ks.com\/index.php\/wp-json\/wp\/v2\/media?parent=1687"}],"wp:term":[{"taxonomy":"product_cat","embeddable":true,"href":"https:\/\/motto-ks.com\/index.php\/wp-json\/wp\/v2\/product_cat?post=1687"},{"taxonomy":"product_tag","embeddable":true,"href":"https:\/\/motto-ks.com\/index.php\/wp-json\/wp\/v2\/product_tag?post=1687"}],"curies":[{"name":"wp","href":"https:\/\/api.w.org\/{rel}","templated":true}]}}