{"id":1699,"date":"2022-11-09T14:29:31","date_gmt":"2022-11-09T13:29:31","guid":{"rendered":"https:\/\/motto-ks.com\/?post_type=product&#038;p=1699"},"modified":"2022-11-10T11:30:19","modified_gmt":"2022-11-10T10:30:19","slug":"ngjites-per-leter-adel","status":"publish","type":"product","link":"https:\/\/motto-ks.com\/index.php\/product\/ngjites-per-leter-adel\/","title":{"rendered":"Ngjit\u00ebs p\u00ebr let\u00ebr ADEL"},"content":{"rendered":"<p>Ngjit\u00ebs p\u00ebr let\u00ebr 8gr, 21gr, 36gr ADEL<\/p>\n","protected":false},"excerpt":{"rendered":"<p>Ngjit\u00ebs p\u00ebr let\u00ebr 8gr, 21gr, 36gr ADEL<\/p>\n","protected":false},"featured_media":1674,"template":"","meta":{"jetpack_publicize_message":"","jetpack_is_tweetstorm":false,"jetpack_publicize_feature_enabled":true,"jetpack_social_options":[]},"product_cat":[76,86],"product_tag":[],"class_list":["post-1699","product","type-product","status-publish","has-post-thumbnail","hentry","product_cat-materiale-shkollore","product_cat-ngjites"],"jetpack_publicize_connections":[],"_links":{"self":[{"href":"https:\/\/motto-ks.com\/index.php\/wp-json\/wp\/v2\/product\/1699","targetHints":{"allow":["GET"]}}],"collection":[{"href":"https:\/\/motto-ks.com\/index.php\/wp-json\/wp\/v2\/product"}],"about":[{"href":"https:\/\/motto-ks.com\/index.php\/wp-json\/wp\/v2\/types\/product"}],"wp:featuredmedia":[{"embeddable":true,"href":"https:\/\/motto-ks.com\/index.php\/wp-json\/wp\/v2\/media\/1674"}],"wp:attachment":[{"href":"https:\/\/motto-ks.com\/index.php\/wp-json\/wp\/v2\/media?parent=1699"}],"wp:term":[{"taxonomy":"product_cat","embeddable":true,"href":"https:\/\/motto-ks.com\/index.php\/wp-json\/wp\/v2\/product_cat?post=1699"},{"taxonomy":"product_tag","embeddable":true,"href":"https:\/\/motto-ks.com\/index.php\/wp-json\/wp\/v2\/product_tag?post=1699"}],"curies":[{"name":"wp","href":"https:\/\/api.w.org\/{rel}","templated":true}]}}