{"id":1836,"date":"2022-11-12T19:33:05","date_gmt":"2022-11-12T18:33:05","guid":{"rendered":"https:\/\/motto-ks.com\/?post_type=product&#038;p=1836"},"modified":"2022-11-12T20:05:22","modified_gmt":"2022-11-12T19:05:22","slug":"mprehesee-adel-prime","status":"publish","type":"product","link":"https:\/\/motto-ks.com\/index.php\/product\/mprehesee-adel-prime\/","title":{"rendered":"Mpreh\u00ebse Adel Prime"},"content":{"rendered":"<p>Mrehse Adel Prime<br \/>\nM\u00eb n\u00eb fund, nj\u00eb mpreh\u00ebse q\u00eb \u00ebsht\u00eb aq arg\u00ebtuese p\u00ebr t&#8217;u p\u00ebrdorur sa edhe p\u00ebr t&#8217;u par\u00eb.<\/p>\n","protected":false},"excerpt":{"rendered":"<p>Mrehse Adel Prime M\u00eb n\u00eb fund, nj\u00eb mpreh\u00ebse q\u00eb \u00ebsht\u00eb aq arg\u00ebtuese p\u00ebr t&#8217;u p\u00ebrdorur sa edhe p\u00ebr t&#8217;u par\u00eb.<\/p>\n","protected":false},"featured_media":1838,"template":"","meta":{"jetpack_publicize_message":"","jetpack_is_tweetstorm":false,"jetpack_publicize_feature_enabled":true,"jetpack_social_options":[]},"product_cat":[76,83],"product_tag":[],"class_list":["post-1836","product","type-product","status-publish","has-post-thumbnail","hentry","product_cat-materiale-shkollore","product_cat-mprehese"],"jetpack_publicize_connections":[],"_links":{"self":[{"href":"https:\/\/motto-ks.com\/index.php\/wp-json\/wp\/v2\/product\/1836","targetHints":{"allow":["GET"]}}],"collection":[{"href":"https:\/\/motto-ks.com\/index.php\/wp-json\/wp\/v2\/product"}],"about":[{"href":"https:\/\/motto-ks.com\/index.php\/wp-json\/wp\/v2\/types\/product"}],"wp:featuredmedia":[{"embeddable":true,"href":"https:\/\/motto-ks.com\/index.php\/wp-json\/wp\/v2\/media\/1838"}],"wp:attachment":[{"href":"https:\/\/motto-ks.com\/index.php\/wp-json\/wp\/v2\/media?parent=1836"}],"wp:term":[{"taxonomy":"product_cat","embeddable":true,"href":"https:\/\/motto-ks.com\/index.php\/wp-json\/wp\/v2\/product_cat?post=1836"},{"taxonomy":"product_tag","embeddable":true,"href":"https:\/\/motto-ks.com\/index.php\/wp-json\/wp\/v2\/product_tag?post=1836"}],"curies":[{"name":"wp","href":"https:\/\/api.w.org\/{rel}","templated":true}]}}