{"id":1842,"date":"2022-11-12T19:34:41","date_gmt":"2022-11-12T18:34:41","guid":{"rendered":"https:\/\/motto-ks.com\/?post_type=product&#038;p=1842"},"modified":"2022-11-12T20:05:04","modified_gmt":"2022-11-12T19:05:04","slug":"mprehese-adel-cubies","status":"publish","type":"product","link":"https:\/\/motto-ks.com\/index.php\/product\/mprehese-adel-cubies\/","title":{"rendered":"Mpreh\u00ebse Adel Cubies"},"content":{"rendered":"<p>Mrehse Adel Cubies<\/p>\n<p>M\u00eb n\u00eb fund, nj\u00eb mpreh\u00ebse q\u00eb \u00ebsht\u00eb aq arg\u00ebtuese p\u00ebr t&#8217;u p\u00ebrdorur sa edhe p\u00ebr t&#8217;u par\u00eb.<\/p>\n","protected":false},"excerpt":{"rendered":"<p>Mrehse Adel Cubies M\u00eb n\u00eb fund, nj\u00eb mpreh\u00ebse q\u00eb \u00ebsht\u00eb aq arg\u00ebtuese p\u00ebr t&#8217;u p\u00ebrdorur sa edhe p\u00ebr t&#8217;u par\u00eb.<\/p>\n","protected":false},"featured_media":1843,"template":"","meta":{"jetpack_publicize_message":"","jetpack_is_tweetstorm":false,"jetpack_publicize_feature_enabled":true,"jetpack_social_options":[]},"product_cat":[76,83],"product_tag":[],"class_list":["post-1842","product","type-product","status-publish","has-post-thumbnail","hentry","product_cat-materiale-shkollore","product_cat-mprehese"],"jetpack_publicize_connections":[],"_links":{"self":[{"href":"https:\/\/motto-ks.com\/index.php\/wp-json\/wp\/v2\/product\/1842","targetHints":{"allow":["GET"]}}],"collection":[{"href":"https:\/\/motto-ks.com\/index.php\/wp-json\/wp\/v2\/product"}],"about":[{"href":"https:\/\/motto-ks.com\/index.php\/wp-json\/wp\/v2\/types\/product"}],"wp:featuredmedia":[{"embeddable":true,"href":"https:\/\/motto-ks.com\/index.php\/wp-json\/wp\/v2\/media\/1843"}],"wp:attachment":[{"href":"https:\/\/motto-ks.com\/index.php\/wp-json\/wp\/v2\/media?parent=1842"}],"wp:term":[{"taxonomy":"product_cat","embeddable":true,"href":"https:\/\/motto-ks.com\/index.php\/wp-json\/wp\/v2\/product_cat?post=1842"},{"taxonomy":"product_tag","embeddable":true,"href":"https:\/\/motto-ks.com\/index.php\/wp-json\/wp\/v2\/product_tag?post=1842"}],"curies":[{"name":"wp","href":"https:\/\/api.w.org\/{rel}","templated":true}]}}