{"id":1858,"date":"2022-11-12T19:40:59","date_gmt":"2022-11-12T18:40:59","guid":{"rendered":"https:\/\/motto-ks.com\/?post_type=product&#038;p=1858"},"modified":"2022-11-12T19:40:59","modified_gmt":"2022-11-12T18:40:59","slug":"gersher-adel-2145-821","status":"publish","type":"product","link":"https:\/\/motto-ks.com\/index.php\/product\/gersher-adel-2145-821\/","title":{"rendered":"G\u00ebrsh\u00ebr Adel 2145-821"},"content":{"rendered":"<p>G\u00ebrsh\u00ebr Adel 2145-821<\/p>\n","protected":false},"excerpt":{"rendered":"<p>G\u00ebrsh\u00ebr Adel 2145-821<\/p>\n","protected":false},"featured_media":1859,"template":"","meta":{"jetpack_publicize_message":"","jetpack_is_tweetstorm":false,"jetpack_publicize_feature_enabled":true,"jetpack_social_options":[]},"product_cat":[76,94],"product_tag":[],"class_list":["post-1858","product","type-product","status-publish","has-post-thumbnail","hentry","product_cat-materiale-shkollore","product_cat-art"],"jetpack_publicize_connections":[],"_links":{"self":[{"href":"https:\/\/motto-ks.com\/index.php\/wp-json\/wp\/v2\/product\/1858","targetHints":{"allow":["GET"]}}],"collection":[{"href":"https:\/\/motto-ks.com\/index.php\/wp-json\/wp\/v2\/product"}],"about":[{"href":"https:\/\/motto-ks.com\/index.php\/wp-json\/wp\/v2\/types\/product"}],"wp:featuredmedia":[{"embeddable":true,"href":"https:\/\/motto-ks.com\/index.php\/wp-json\/wp\/v2\/media\/1859"}],"wp:attachment":[{"href":"https:\/\/motto-ks.com\/index.php\/wp-json\/wp\/v2\/media?parent=1858"}],"wp:term":[{"taxonomy":"product_cat","embeddable":true,"href":"https:\/\/motto-ks.com\/index.php\/wp-json\/wp\/v2\/product_cat?post=1858"},{"taxonomy":"product_tag","embeddable":true,"href":"https:\/\/motto-ks.com\/index.php\/wp-json\/wp\/v2\/product_tag?post=1858"}],"curies":[{"name":"wp","href":"https:\/\/api.w.org\/{rel}","templated":true}]}}